{"id":63571,"date":"2021-04-02T11:34:53","date_gmt":"2021-04-02T09:34:53","guid":{"rendered":"https:\/\/www.amelkis-solutions.com\/mentions-legales\/"},"modified":"2023-03-24T10:18:35","modified_gmt":"2023-03-24T09:18:35","slug":"aviso-legal","status":"publish","type":"page","link":"https:\/\/www.amelkis-solutions.com\/es\/aviso-legal\/","title":{"rendered":"Aviso legal"},"content":{"rendered":"<p>Lea atentamente las distintas condiciones de uso de este sitio antes de navegar por sus p\u00e1ginas. Al conectarse a este sitio, usted acepta estas condiciones sin reservas. Asimismo, de conformidad con el art\u00edculo n\u00b06 de la Ley n\u00b02004-575 de 21 de junio de 2004 para la confianza en la econom\u00eda digital, los responsables del presente sitio web www.amelkis-solutions.com son :<\/p>\n<h3>Editor del sitio web :<\/h3>\n<ul>\n<li>Amelkis Solutions Num\u00e9ro de SIRET : 452 303 837<\/li>\n<li>Responsable \u00e9ditorial : Amelkis<\/li>\n<li>12 rue de Ponthieu 75008 Paris<\/li>\n<li>Telefono : 0149709060<\/li>\n<li>Email : amelkis@amelkis-solutions.com<\/li>\n<li>Sitio Web : www.amelkis-solutions.com<\/li>\n<\/ul>\n<p><strong>Hospedaje :<\/strong><\/p>\n<p>Hospedaje : OVH<br \/>\n2 Rue Kellermann, 59100 Roubaix<br \/>\nSitio Web : www.ovh.com<\/p>\n<p><b>Desarollo<\/b><\/p>\n<ul>\n<li>Gtec<\/li>\n<li>Direcci\u00f3n : 9 quai Cr\u00e9quis, 38000 Grenoble<\/li>\n<li>Sitio Web : <a href=\"https:\/\/www.cabinet-gtec.fr\/\" target=\"_blank\" rel=\"noopener\">www.cabinet-gtec.fr<\/a><\/li>\n<\/ul>\n<h3>Condiciones de uso :<\/h3>\n<p>Este sitio (www.amelkis-solutions.com) se presenta en diferentes lenguajes web (HTML, HTML5, Javascript, CSS, etc.) para una mayor comodidad de uso y unos gr\u00e1ficos m\u00e1s agradables, le recomendamos que utilice navegadores modernos como Internet explorer, Safari, Firefox, Google Chrome, etc.<\/p>\n<p>Amelkis hace todo lo posible por proporcionar informaci\u00f3n fiable y actualizar sus sitios web. No obstante, pueden producirse errores u omisiones. Por lo tanto, el internauta debe velar por la exactitud de la informaci\u00f3n facilitada por Amelkis e informar de cualquier cambio que considere \u00fatil. Amelkis no es en ning\u00fan caso responsable del uso que se haga de esta informaci\u00f3n ni de los da\u00f1os directos o indirectos que puedan derivarse de ella.<\/p>\n<p>Cookies : El sitio web www.amelkis-solutions.com puede pedirle que acepte cookies con fines estad\u00edsticos y de visualizaci\u00f3n. Una cookie es un fragmento de informaci\u00f3n que el servidor del sitio que visita almacena en su disco duro. Contiene varios datos que se almacenan en su ordenador en un simple archivo de texto al que accede un servidor para leer y registrar informaci\u00f3n. Algunas partes de este sitio no pueden funcionar sin aceptar cookies.<\/p>\n<p>Hiperenlaces : Los sitios web de AMELKIS pueden ofrecer enlaces a otros sitios web u otros recursos disponibles en Internet. AMELKIS no tiene ning\u00fan medio de controlar los sitios vinculados a sus sitios web. AMELKIS no se responsabiliza de la disponibilidad de dichos sitios y fuentes externas, ni los garantiza. AMELKIS no se hace responsable de los da\u00f1os y perjuicios, cualquiera que sea su naturaleza, que se deriven del contenido de estos sitios o fuentes externas y, en particular, de la informaci\u00f3n, productos o servicios que ofrecen, o del uso que pueda hacerse de estos elementos. Los riesgos asociados a esta utilizaci\u00f3n incumben plenamente al internauta, que debe respetar sus condiciones de uso.<\/p>\n<p>Los usuarios, suscriptores y visitantes de los sitios web no podr\u00e1n establecer un hiperenlace a este sitio sin la previa autorizaci\u00f3n expresa de AMELKIS.<\/p>\n<p>En el caso de que un usuario o visitante desee establecer un hiperv\u00ednculo a uno de los sitios web de AMELKIS, deber\u00e1 enviar un correo electr\u00f3nico accesible en el sitio para formular su solicitud de establecimiento de hiperv\u00ednculo. AMELKIS se reserva el derecho de aceptar o rechazar un hiperv\u00ednculo sin tener que justificar su decisi\u00f3n.<\/p>\n<h3>Servicios ofrecidos :<\/h3>\n<p>Todas las actividades e informaci\u00f3n de la empresa se presentan en nuestro sitio web www.amelkis-solutions.com.<\/p>\n<p>AMELKIS se esfuerza por ofrecer en el sitio web www.amelkis-solutions.com informaci\u00f3n lo m\u00e1s exacta posible. La informaci\u00f3n del sitio web www.amelkis-solutions.com no es exhaustiva y las fotos no son contractuales. Se facilita a reserva de las modificaciones que se hayan introducido desde su puesta en l\u00ednea. Adem\u00e1s, toda la informaci\u00f3n del sitio web www.amelkis-solutions.com se ofrece a t\u00edtulo indicativo y es susceptible de cambiar o evolucionar sin previo aviso.<\/p>\n<h3>Limitaciones contractuales de los datos :<\/h3>\n<p>La informaci\u00f3n contenida en este sitio es lo m\u00e1s exacta posible y se actualiza en diversas \u00e9pocas del a\u00f1o, pero puede contener inexactitudes u omisiones. Si observa una laguna, un error o lo que parece ser un mal funcionamiento, notif\u00edquelo por correo electr\u00f3nico a areimann@amelkis-solutions.com, describiendo el problema con la mayor precisi\u00f3n posible (p\u00e1gina que causa el problema, tipo de ordenador y navegador utilizados, etc.).<\/p>\n<p>Cualquier contenido descargado se hace por cuenta y riesgo del usuario y bajo su exclusiva responsabilidad. En consecuencia, la empresa no se hace responsable de los da\u00f1os causados al ordenador del usuario ni de la p\u00e9rdida de datos resultante de la descarga. Adem\u00e1s, el usuario del sitio se compromete a acceder a \u00e9l utilizando equipos recientes, libres de virus y con un navegador actualizado.<\/p>\n<p>AMELKIS no se hace responsable de los enlaces de hipertexto establecidos en el marco de este sitio web con otros recursos de Internet.<\/p>\n<h3>Propiedad intelectual :<\/h3>\n<p>Todos los contenidos del presente sitio web www.amelkis-solutions.com, incluyendo, sin car\u00e1cter limitativo, gr\u00e1ficos, im\u00e1genes, textos, v\u00eddeos, animaciones, sonidos, logotipos, gifs e iconos, as\u00ed como su disposici\u00f3n, son propiedad exclusiva de la empresa, a excepci\u00f3n de las marcas, logotipos o contenidos pertenecientes a otras empresas colaboradoras o autores.<\/p>\n<p>Cualquier reproducci\u00f3n, distribuci\u00f3n, modificaci\u00f3n, adaptaci\u00f3n, retransmisi\u00f3n o publicaci\u00f3n, incluso parcial, de estos distintos elementos est\u00e1 estrictamente prohibida sin el consentimiento expreso y por escrito de AMELKIS. Esta representaci\u00f3n o reproducci\u00f3n, por cualquier medio, constituye una infracci\u00f3n sancionada por los art\u00edculos L.335-2 y siguientes del C\u00f3digo de la Propiedad Intelectual. El incumplimiento de esta prohibici\u00f3n constituye una infracci\u00f3n que puede acarrear la responsabilidad civil y penal del infractor. Adem\u00e1s, los propietarios del Contenido copiado pueden emprender acciones legales contra usted.<\/p>\n<h3>Declaraci\u00f3n a la CNIL :<\/h3>\n<p>De conformidad con la ley 78-17 de 6 de enero de 1978 (modificada por la ley 2004-801 de 6 de agosto de 2004 relativa a la protecci\u00f3n de las personas f\u00edsicas en lo que respecta al tratamiento de datos personales) relativa a la inform\u00e1tica, a los ficheros y a las libertades, este sitio ha sido declarado 1656629 ante la Commission nationale de l&#8217;informatique et des libert\u00e9s (www.cnil.fr).<\/p>\n<h3>Litigios :<\/h3>\n<p>Las presentes condiciones generales del sitio web www.amelkis-solutions.com se rigen por la legislaci\u00f3n francesa y cualquier litigio o controversia que pudiera derivarse de la interpretaci\u00f3n o ejecuci\u00f3n de las mismas ser\u00e1 competencia exclusiva de los tribunales del domicilio social de la empresa. La lengua de referencia para la resoluci\u00f3n de posibles litigios es el franc\u00e9s.<\/p>\n<h3>Datos personales :<\/h3>\n<p>En general, no es necesario que nos comunique ning\u00fan dato personal cuando visite nuestro sitio web www.amelkis-solutions.com.<\/p>\n<p>Sin embargo, hay algunas excepciones a este principio. En efecto, para determinados servicios ofrecidos por nuestro sitio, es posible que se le solicite que nos comunique ciertos datos como : su nombre, su cargo, el nombre de su empresa, su direcci\u00f3n de correo electr\u00f3nico y su n\u00famero de tel\u00e9fono. Este es el caso cuando rellena el formulario que se ofrece en l\u00ednea, en la secci\u00f3n \u00abcontacto\u00bb. En cualquier caso, puede negarse a facilitar sus datos personales. En este caso, no podr\u00e1 utilizar los servicios del sitio, en particular el de solicitar informaci\u00f3n sobre nuestra empresa, ni recibir los boletines informativos.<\/p>\n<p>Por \u00faltimo, podemos recopilar autom\u00e1ticamente cierta informaci\u00f3n sobre usted cuando navega por nuestro sitio web, incluyendo: informaci\u00f3n sobre el uso de nuestro sitio, como las \u00e1reas que visita y los servicios a los que accede, su direcci\u00f3n IP, su tipo de navegador y sus horas de acceso. Dicha informaci\u00f3n se utiliza exclusivamente con fines estad\u00edsticos internos, con el fin de mejorar la calidad de los servicios que se le ofrecen. Las bases de datos est\u00e1n protegidas por las disposiciones de la ley de 1 de julio de 1998 que transpone la directiva 96\/9 de 11 de marzo de 1996 sobre la protecci\u00f3n jur\u00eddica de las bases de datos.<\/p>\n","protected":false},"excerpt":{"rendered":"<p>Lea atentamente las distintas condiciones de uso de este sitio antes (&#8230;)<\/p>\n","protected":false},"author":9,"featured_media":62204,"parent":0,"menu_order":20,"comment_status":"closed","ping_status":"closed","template":"page-simple.php","meta":{"_acf_changed":false,"inline_featured_image":false,"footnotes":""},"class_list":["post-63571","page","type-page","status-publish","has-post-thumbnail","hentry"],"acf":[],"yoast_head":"<!-- This site is optimized with the Yoast SEO plugin v27.4 - https:\/\/yoast.com\/product\/yoast-seo-wordpress\/ -->\n<title>Aviso legal - Amelkis Solutions<\/title>\n<meta name=\"robots\" content=\"index, follow, max-snippet:-1, max-image-preview:large, max-video-preview:-1\" \/>\n<link rel=\"canonical\" href=\"https:\/\/www.amelkis-solutions.com\/es\/aviso-legal\/\" \/>\n<meta property=\"og:locale\" content=\"es_ES\" \/>\n<meta property=\"og:type\" content=\"article\" \/>\n<meta property=\"og:title\" content=\"Aviso legal - Amelkis Solutions\" \/>\n<meta property=\"og:description\" content=\"Lea atentamente las distintas condiciones de uso de este sitio antes (...)\" \/>\n<meta property=\"og:url\" content=\"https:\/\/www.amelkis-solutions.com\/es\/aviso-legal\/\" \/>\n<meta property=\"og:site_name\" content=\"Amelkis Solutions\" \/>\n<meta property=\"article:modified_time\" content=\"2023-03-24T09:18:35+00:00\" \/>\n<meta property=\"og:image\" content=\"https:\/\/www.amelkis-solutions.com\/wp-content\/uploads\/2023\/01\/AdobeStock_170110092.jpg\" \/>\n\t<meta property=\"og:image:width\" content=\"2000\" \/>\n\t<meta property=\"og:image:height\" content=\"1333\" \/>\n\t<meta property=\"og:image:type\" content=\"image\/jpeg\" \/>\n<meta name=\"twitter:card\" content=\"summary_large_image\" \/>\n<meta name=\"twitter:label1\" content=\"Tiempo de lectura\" \/>\n\t<meta name=\"twitter:data1\" content=\"7 minutos\" \/>\n<script type=\"application\/ld+json\" class=\"yoast-schema-graph\">{\"@context\":\"https:\\\/\\\/schema.org\",\"@graph\":[{\"@type\":\"WebPage\",\"@id\":\"https:\\\/\\\/www.amelkis-solutions.com\\\/es\\\/aviso-legal\\\/\",\"url\":\"https:\\\/\\\/www.amelkis-solutions.com\\\/es\\\/aviso-legal\\\/\",\"name\":\"Aviso legal - Amelkis Solutions\",\"isPartOf\":{\"@id\":\"https:\\\/\\\/www.amelkis-solutions.com\\\/es\\\/#website\"},\"primaryImageOfPage\":{\"@id\":\"https:\\\/\\\/www.amelkis-solutions.com\\\/es\\\/aviso-legal\\\/#primaryimage\"},\"image\":{\"@id\":\"https:\\\/\\\/www.amelkis-solutions.com\\\/es\\\/aviso-legal\\\/#primaryimage\"},\"thumbnailUrl\":\"https:\\\/\\\/www.amelkis-solutions.com\\\/wp-content\\\/uploads\\\/2023\\\/01\\\/AdobeStock_170110092.jpg\",\"datePublished\":\"2021-04-02T09:34:53+00:00\",\"dateModified\":\"2023-03-24T09:18:35+00:00\",\"breadcrumb\":{\"@id\":\"https:\\\/\\\/www.amelkis-solutions.com\\\/es\\\/aviso-legal\\\/#breadcrumb\"},\"inLanguage\":\"es\",\"potentialAction\":[{\"@type\":\"ReadAction\",\"target\":[\"https:\\\/\\\/www.amelkis-solutions.com\\\/es\\\/aviso-legal\\\/\"]}]},{\"@type\":\"ImageObject\",\"inLanguage\":\"es\",\"@id\":\"https:\\\/\\\/www.amelkis-solutions.com\\\/es\\\/aviso-legal\\\/#primaryimage\",\"url\":\"https:\\\/\\\/www.amelkis-solutions.com\\\/wp-content\\\/uploads\\\/2023\\\/01\\\/AdobeStock_170110092.jpg\",\"contentUrl\":\"https:\\\/\\\/www.amelkis-solutions.com\\\/wp-content\\\/uploads\\\/2023\\\/01\\\/AdobeStock_170110092.jpg\",\"width\":2000,\"height\":1333},{\"@type\":\"BreadcrumbList\",\"@id\":\"https:\\\/\\\/www.amelkis-solutions.com\\\/es\\\/aviso-legal\\\/#breadcrumb\",\"itemListElement\":[{\"@type\":\"ListItem\",\"position\":1,\"name\":\"Inicio\",\"item\":\"https:\\\/\\\/www.amelkis-solutions.com\\\/es\\\/\"},{\"@type\":\"ListItem\",\"position\":2,\"name\":\"Aviso legal\"}]},{\"@type\":\"WebSite\",\"@id\":\"https:\\\/\\\/www.amelkis-solutions.com\\\/es\\\/#website\",\"url\":\"https:\\\/\\\/www.amelkis-solutions.com\\\/es\\\/\",\"name\":\"Amelkis Solutions\",\"description\":\"Logiciel de Consolidation &amp; Reporting\",\"publisher\":{\"@id\":\"https:\\\/\\\/www.amelkis-solutions.com\\\/es\\\/#organization\"},\"potentialAction\":[{\"@type\":\"SearchAction\",\"target\":{\"@type\":\"EntryPoint\",\"urlTemplate\":\"https:\\\/\\\/www.amelkis-solutions.com\\\/es\\\/?s={search_term_string}\"},\"query-input\":{\"@type\":\"PropertyValueSpecification\",\"valueRequired\":true,\"valueName\":\"search_term_string\"}}],\"inLanguage\":\"es\"},{\"@type\":\"Organization\",\"@id\":\"https:\\\/\\\/www.amelkis-solutions.com\\\/es\\\/#organization\",\"name\":\"Amelkis Solutions\",\"url\":\"https:\\\/\\\/www.amelkis-solutions.com\\\/es\\\/\",\"logo\":{\"@type\":\"ImageObject\",\"inLanguage\":\"es\",\"@id\":\"https:\\\/\\\/www.amelkis-solutions.com\\\/es\\\/#\\\/schema\\\/logo\\\/image\\\/\",\"url\":\"https:\\\/\\\/www.amelkis-solutions.com\\\/wp-content\\\/uploads\\\/2022\\\/06\\\/963-new-logo-amelkisopera.png\",\"contentUrl\":\"https:\\\/\\\/www.amelkis-solutions.com\\\/wp-content\\\/uploads\\\/2022\\\/06\\\/963-new-logo-amelkisopera.png\",\"width\":266,\"height\":43,\"caption\":\"Amelkis Solutions\"},\"image\":{\"@id\":\"https:\\\/\\\/www.amelkis-solutions.com\\\/es\\\/#\\\/schema\\\/logo\\\/image\\\/\"}}]}<\/script>\n<!-- \/ Yoast SEO plugin. -->","yoast_head_json":{"title":"Aviso legal - Amelkis Solutions","robots":{"index":"index","follow":"follow","max-snippet":"max-snippet:-1","max-image-preview":"max-image-preview:large","max-video-preview":"max-video-preview:-1"},"canonical":"https:\/\/www.amelkis-solutions.com\/es\/aviso-legal\/","og_locale":"es_ES","og_type":"article","og_title":"Aviso legal - Amelkis Solutions","og_description":"Lea atentamente las distintas condiciones de uso de este sitio antes (...)","og_url":"https:\/\/www.amelkis-solutions.com\/es\/aviso-legal\/","og_site_name":"Amelkis Solutions","article_modified_time":"2023-03-24T09:18:35+00:00","og_image":[{"width":2000,"height":1333,"url":"https:\/\/www.amelkis-solutions.com\/wp-content\/uploads\/2023\/01\/AdobeStock_170110092.jpg","type":"image\/jpeg"}],"twitter_card":"summary_large_image","twitter_misc":{"Tiempo de lectura":"7 minutos"},"schema":{"@context":"https:\/\/schema.org","@graph":[{"@type":"WebPage","@id":"https:\/\/www.amelkis-solutions.com\/es\/aviso-legal\/","url":"https:\/\/www.amelkis-solutions.com\/es\/aviso-legal\/","name":"Aviso legal - Amelkis Solutions","isPartOf":{"@id":"https:\/\/www.amelkis-solutions.com\/es\/#website"},"primaryImageOfPage":{"@id":"https:\/\/www.amelkis-solutions.com\/es\/aviso-legal\/#primaryimage"},"image":{"@id":"https:\/\/www.amelkis-solutions.com\/es\/aviso-legal\/#primaryimage"},"thumbnailUrl":"https:\/\/www.amelkis-solutions.com\/wp-content\/uploads\/2023\/01\/AdobeStock_170110092.jpg","datePublished":"2021-04-02T09:34:53+00:00","dateModified":"2023-03-24T09:18:35+00:00","breadcrumb":{"@id":"https:\/\/www.amelkis-solutions.com\/es\/aviso-legal\/#breadcrumb"},"inLanguage":"es","potentialAction":[{"@type":"ReadAction","target":["https:\/\/www.amelkis-solutions.com\/es\/aviso-legal\/"]}]},{"@type":"ImageObject","inLanguage":"es","@id":"https:\/\/www.amelkis-solutions.com\/es\/aviso-legal\/#primaryimage","url":"https:\/\/www.amelkis-solutions.com\/wp-content\/uploads\/2023\/01\/AdobeStock_170110092.jpg","contentUrl":"https:\/\/www.amelkis-solutions.com\/wp-content\/uploads\/2023\/01\/AdobeStock_170110092.jpg","width":2000,"height":1333},{"@type":"BreadcrumbList","@id":"https:\/\/www.amelkis-solutions.com\/es\/aviso-legal\/#breadcrumb","itemListElement":[{"@type":"ListItem","position":1,"name":"Inicio","item":"https:\/\/www.amelkis-solutions.com\/es\/"},{"@type":"ListItem","position":2,"name":"Aviso legal"}]},{"@type":"WebSite","@id":"https:\/\/www.amelkis-solutions.com\/es\/#website","url":"https:\/\/www.amelkis-solutions.com\/es\/","name":"Amelkis Solutions","description":"Logiciel de Consolidation &amp; Reporting","publisher":{"@id":"https:\/\/www.amelkis-solutions.com\/es\/#organization"},"potentialAction":[{"@type":"SearchAction","target":{"@type":"EntryPoint","urlTemplate":"https:\/\/www.amelkis-solutions.com\/es\/?s={search_term_string}"},"query-input":{"@type":"PropertyValueSpecification","valueRequired":true,"valueName":"search_term_string"}}],"inLanguage":"es"},{"@type":"Organization","@id":"https:\/\/www.amelkis-solutions.com\/es\/#organization","name":"Amelkis Solutions","url":"https:\/\/www.amelkis-solutions.com\/es\/","logo":{"@type":"ImageObject","inLanguage":"es","@id":"https:\/\/www.amelkis-solutions.com\/es\/#\/schema\/logo\/image\/","url":"https:\/\/www.amelkis-solutions.com\/wp-content\/uploads\/2022\/06\/963-new-logo-amelkisopera.png","contentUrl":"https:\/\/www.amelkis-solutions.com\/wp-content\/uploads\/2022\/06\/963-new-logo-amelkisopera.png","width":266,"height":43,"caption":"Amelkis Solutions"},"image":{"@id":"https:\/\/www.amelkis-solutions.com\/es\/#\/schema\/logo\/image\/"}}]}},"_links":{"self":[{"href":"https:\/\/www.amelkis-solutions.com\/es\/wp-json\/wp\/v2\/pages\/63571","targetHints":{"allow":["GET"]}}],"collection":[{"href":"https:\/\/www.amelkis-solutions.com\/es\/wp-json\/wp\/v2\/pages"}],"about":[{"href":"https:\/\/www.amelkis-solutions.com\/es\/wp-json\/wp\/v2\/types\/page"}],"author":[{"embeddable":true,"href":"https:\/\/www.amelkis-solutions.com\/es\/wp-json\/wp\/v2\/users\/9"}],"replies":[{"embeddable":true,"href":"https:\/\/www.amelkis-solutions.com\/es\/wp-json\/wp\/v2\/comments?post=63571"}],"version-history":[{"count":0,"href":"https:\/\/www.amelkis-solutions.com\/es\/wp-json\/wp\/v2\/pages\/63571\/revisions"}],"wp:featuredmedia":[{"embeddable":true,"href":"https:\/\/www.amelkis-solutions.com\/es\/wp-json\/wp\/v2\/media\/62204"}],"wp:attachment":[{"href":"https:\/\/www.amelkis-solutions.com\/es\/wp-json\/wp\/v2\/media?parent=63571"}],"curies":[{"name":"wp","href":"https:\/\/api.w.org\/{rel}","templated":true}]}}