{"id":63569,"date":"2021-04-29T18:50:06","date_gmt":"2021-04-29T16:50:06","guid":{"rendered":"https:\/\/www.amelkis-solutions.com\/plan-du-site\/"},"modified":"2023-02-03T15:18:59","modified_gmt":"2023-02-03T14:18:59","slug":"mapa-sitio","status":"publish","type":"page","link":"https:\/\/www.amelkis-solutions.com\/es\/mapa-sitio\/","title":{"rendered":"Mapa del sitio web"},"content":{"rendered":"<div class=\"wsp-container\"><h2 class=\"wsp-pages-title\">P\u00e1ginas<\/h2>\n<ul class=\"wsp-pages-list\">\n<li class=\"page_item page-item-64997\"><a href=\"https:\/\/www.amelkis-solutions.com\/es\/amelkis-esg\/\">Amelkis ESG<\/a><\/li>\n<li class=\"page_item page-item-64982\"><a href=\"https:\/\/www.amelkis-solutions.com\/es\/amelkis-w365\/\">Amelkis W365<\/a><\/li>\n<li class=\"page_item page-item-65009\"><a href=\"https:\/\/www.amelkis-solutions.com\/es\/automatisez-votre-rapport-csrd\/\">Automatizar su informe CSRD<\/a><\/li>\n<li class=\"page_item page-item-65582\"><a href=\"https:\/\/www.amelkis-solutions.com\/es\/elaborar-primer-informe-csrd\/\">Elaborar mi primer informe CSRD<\/a><\/li>\n<li class=\"page_item page-item-63060\"><a href=\"https:\/\/www.amelkis-solutions.com\/es\/\">Inicio<\/a><\/li>\n<li class=\"page_item page-item-67227\"><a href=\"https:\/\/www.amelkis-solutions.com\/es\/contacto\/\">P\u00f3ngase en contacto<\/a><\/li>\n<li class=\"page_item page-item-66981\"><a href=\"https:\/\/www.amelkis-solutions.com\/es\/pricing\/\">Pricing<\/a><\/li>\n<li class=\"page_item page-item-63078\"><a href=\"https:\/\/www.amelkis-solutions.com\/es\/facilitar-la-consolidacion\/\">Facilitar la consolidaci\u00f3n<\/a><\/li>\n<li class=\"page_item page-item-63080\"><a href=\"https:\/\/www.amelkis-solutions.com\/es\/gestionar-el-rendimiento-de-su-organizacion\/\">Gestionar el rendimiento de su organizaci\u00f3n<\/a><\/li>\n<li class=\"page_item page-item-63082\"><a href=\"https:\/\/www.amelkis-solutions.com\/es\/gestionar-mis-previsiones-financieras\/\">Gestionar mis previsiones financieras<\/a><\/li>\n<li class=\"page_item page-item-64063\"><a href=\"https:\/\/www.amelkis-solutions.com\/es\/mejorar-la-eficiencia-del-proceso-de-reporting\/\">Mejorar la eficacia del proceso de elaboraci\u00f3n de reporting<\/a><\/li>\n<li class=\"page_item page-item-63084\"><a href=\"https:\/\/www.amelkis-solutions.com\/es\/profesionalizar-la-comunicacion-financiera\/\">Profesionalizar la comunicaci\u00f3n financiera<\/a><\/li>\n<li class=\"page_item page-item-63095\"><a href=\"https:\/\/www.amelkis-solutions.com\/es\/racionalizar-los-datos-financieros\/\">Racionalizar los datos financieros<\/a><\/li>\n<li class=\"page_item page-item-63142\"><a href=\"https:\/\/www.amelkis-solutions.com\/es\/solucion-business-plan\/\">Amelkis Business Plan<\/a><\/li>\n<li class=\"page_item page-item-63138\"><a href=\"https:\/\/www.amelkis-solutions.com\/es\/solucion-consolidacion\/\">Amelkis Consolidation<\/a><\/li>\n<li class=\"page_item page-item-63146\"><a href=\"https:\/\/www.amelkis-solutions.com\/es\/amelkis-epm\/\">Amelkis EPM<\/a><\/li>\n<li class=\"page_item page-item-63314\"><a href=\"https:\/\/www.amelkis-solutions.com\/es\/solucion-feue\/\">Amelkis Filing<\/a><\/li>\n<li class=\"page_item page-item-63309\"><a href=\"https:\/\/www.amelkis-solutions.com\/es\/solucion-intragrupo\/\">Amelkis InterCompany<\/a><\/li>\n<li class=\"page_item page-item-63311\"><a href=\"https:\/\/www.amelkis-solutions.com\/es\/solucion-ifrs-16\/\">Amelkis Lease<\/a><\/li>\n<li class=\"page_item page-item-63150\"><a href=\"https:\/\/www.amelkis-solutions.com\/es\/informes-financieros\/\">Amelkis Reporting<\/a><\/li>\n<li class=\"page_item page-item-64067\"><a href=\"https:\/\/www.amelkis-solutions.com\/es\/reporting-rsc\/\">Amelkis Reporting RSC<\/a><\/li>\n<li class=\"page_item page-item-64065\"><a href=\"https:\/\/www.amelkis-solutions.com\/es\/solucion-disclosure-management\/\">Disclosure Management<\/a><\/li>\n<li class=\"page_item page-item-64019\"><a href=\"https:\/\/www.amelkis-solutions.com\/es\/referencias\/\">Referencias<\/a><\/li>\n<li class=\"page_item page-item-63581\"><a href=\"https:\/\/www.amelkis-solutions.com\/es\/recursos\/\">Recursos<\/a><\/li>\n<li class=\"page_item page-item-62904\"><a href=\"https:\/\/www.amelkis-solutions.com\/es\/consejo-y-assistencia\/\">Consejo y asistencia<\/a><\/li>\n<li class=\"page_item page-item-62910\"><a href=\"https:\/\/www.amelkis-solutions.com\/es\/formaciones\/\">Formaciones<\/a><\/li>\n<li class=\"page_item page-item-63794\"><a href=\"https:\/\/www.amelkis-solutions.com\/es\/trabajar-en-amelkis\/\">Carreras<\/a><\/li>\n<li class=\"page_item page-item-66831\"><a href=\"https:\/\/www.amelkis-solutions.com\/es\/carreras\/\">Carreras<\/a><\/li>\n<li class=\"page_item page-item-62914\"><a href=\"https:\/\/www.amelkis-solutions.com\/es\/team-amelkis\/\">Sus futuros colegas<\/a><\/li>\n<li class=\"page_item page-item-63024\"><a href=\"https:\/\/www.amelkis-solutions.com\/es\/nuestras-ofertas\/\">Nuestras ofertas<\/a><\/li>\n<li class=\"page_item page-item-63548 current_page_parent\"><a href=\"https:\/\/www.amelkis-solutions.com\/es\/blog\/\">Blog<\/a><\/li>\n<li class=\"page_item page-item-62939\"><a href=\"https:\/\/www.amelkis-solutions.com\/es\/conocimientos\/\">Conocimientos<\/a><\/li>\n<li class=\"page_item page-item-63546\"><a href=\"https:\/\/www.amelkis-solutions.com\/es\/noticias\/\">Noticias<\/a><\/li>\n<li class=\"page_item page-item-62927\"><a href=\"https:\/\/www.amelkis-solutions.com\/es\/sobre-amelkis\/\">Sobre Amelkis<\/a><\/li>\n<li class=\"page_item page-item-62950\"><a href=\"https:\/\/www.amelkis-solutions.com\/es\/socios\/\">Socios<\/a><\/li>\n<li class=\"page_item page-item-63561\"><a href=\"https:\/\/www.amelkis-solutions.com\/es\/solicitar-demostracion\/\">Solicitar demostraci\u00f3n<\/a><\/li>\n<li class=\"page_item page-item-63567\"><a href=\"https:\/\/www.amelkis-solutions.com\/es\/404-error\/\">404<\/a><\/li>\n<li class=\"page_item page-item-63571\"><a href=\"https:\/\/www.amelkis-solutions.com\/es\/aviso-legal\/\">Aviso legal<\/a><\/li>\n<li class=\"page_item page-item-63569\"><a href=\"https:\/\/www.amelkis-solutions.com\/es\/mapa-sitio\/\">Mapa del sitio web<\/a><\/li>\n<\/ul>\n<h2 class=\"wsp-posts-title\">Posts por categor\u00eda<\/h2>\n<ul class=\"wsp-posts-list\">\n\t<li><strong class=\"wsp-category-title\">Category: <a href=\"https:\/\/www.amelkis-solutions.com\/es\/category\/consolidacion\/\">Consolidaci\u00f3n<\/a><\/strong>\n<ul class=\"wsp-posts-list\">\t\t<li class=\"wsp-post\"><a href=\"https:\/\/www.amelkis-solutions.com\/es\/consolidation-comptable\/\">Consolidation comptable : s\u00e9curiser la production des comptes consolid\u00e9s dans les groupes complexes<\/a><\/li>\n\t\t<li class=\"wsp-post\"><a href=\"https:\/\/www.amelkis-solutions.com\/es\/amelkis-moderniza-french-starter-kit\/\">Amelkis moderniza su French starter kit<\/a><\/li>\n<\/ul><\/li>\n\t<li><strong class=\"wsp-category-title\">Category: <a href=\"https:\/\/www.amelkis-solutions.com\/es\/category\/csrd\/\">CSRD<\/a><\/strong>\n<ul class=\"wsp-posts-list\">\t\t<li class=\"wsp-post\"><a href=\"https:\/\/www.amelkis-solutions.com\/es\/esg-las-ultimas-tendencias-europeas\/\">ESG : las \u00faltimas tendencias europeas<\/a><\/li>\n\t\t<li class=\"wsp-post\"><a href=\"https:\/\/www.amelkis-solutions.com\/es\/vsme-futuro-sostenible\/\">Entrevista | VSME : un marco voluntario para estructurar la sostenibilidad de las PYME<\/a><\/li>\n\t\t<li class=\"wsp-post\"><a href=\"https:\/\/www.amelkis-solutions.com\/es\/csrd-norma-compleja\/\">No, \u00a1el CSRD no es una norma compleja!<\/a><\/li>\n\t\t<li class=\"wsp-post\"><a href=\"https:\/\/www.amelkis-solutions.com\/es\/csrd-consultorias\/\">\u00bfSab\u00eda que Amelkis ya colabora con varias consultor\u00edas para integrar los RSCDE en las empresas?<\/a><\/li>\n\t\t<li class=\"wsp-post\"><a href=\"https:\/\/www.amelkis-solutions.com\/es\/amelkis-csrd-la-plataforma-que-garantiza-una-gestion-coherente-de-sus-oir\/\">Amelkis CSRD: La plataforma que garantiza una gesti\u00f3n coherente de sus OIR, pol\u00edticas, objetivos y planes de acci\u00f3n<\/a><\/li>\n\t\t<li class=\"wsp-post\"><a href=\"https:\/\/www.amelkis-solutions.com\/es\/simplificar-la-recogida-de-datos-con-amelkis-csrd\/\">Simplificar la recogida de datos con Amelkis CSRD<\/a><\/li>\n\t\t<li class=\"wsp-post\"><a href=\"https:\/\/www.amelkis-solutions.com\/es\/doble-materialidad-la-plataforma-csrd-de-amelkis-te-guia-paso-a-paso\/\">Doble materialidad : la plataforma CSRD de Amelkis te gu\u00eda paso a paso<\/a><\/li>\n\t\t<li class=\"wsp-post\"><a href=\"https:\/\/www.amelkis-solutions.com\/es\/el-68-de-los-encuestados-considera-que-su-programa-informatico-de-consolidacion-esta-adaptado-a-los-informes-de-los-csrd\/\">El 68% de los encuestados considera que su programa inform\u00e1tico de consolidaci\u00f3n est\u00e1 adaptado a los informes de los CSRD<\/a><\/li>\n<\/ul><\/li>\n\t<li><strong class=\"wsp-category-title\">Category: <a href=\"https:\/\/www.amelkis-solutions.com\/es\/category\/sin-categorizar\/\">Sin categorizar<\/a><\/strong>\n<ul class=\"wsp-posts-list\">\t\t<li class=\"wsp-post\"><a href=\"https:\/\/www.amelkis-solutions.com\/es\/triunfo-migrar-amelkis-grupos-epm\/\">El triunfo de Amelkis : migraci\u00f3n de m\u00e1s de 1 500 grupos de Amelkis Opera a Amelkis EPM<\/a><\/li>\n<\/ul><\/li>\n<\/ul>\n<h2 class=\"wsp-actualitess-title\">Noticias<\/h2>\n<ul class=\"wsp-actualitess-list\">\n<li><a href=\"https:\/\/www.amelkis-solutions.com\/es\/noticias\/amelkis-de-nuevo-elegido-n1-en-software-de-consolidacion-%f0%9f%8f%86\/\">Amelkis, de nuevo elegido n\u00b01 en software de consolidaci\u00f3n \ud83c\udfc6<\/a><\/li>\n<li><a href=\"https:\/\/www.amelkis-solutions.com\/es\/noticias\/amelkis-fortalece-desarrollo-parquest\/\">Amelkis refuerza su desarrollo con la llegada del fondo de inversi\u00f3n Parquest<\/a><\/li>\n<li><a href=\"https:\/\/www.amelkis-solutions.com\/es\/noticias\/certificacion-isae-3402\/\">Certificaci\u00f3n ISAE 3402<\/a><\/li>\n<li><a href=\"https:\/\/www.amelkis-solutions.com\/es\/noticias\/friend-of-efrag\/\">Friend of EFRAG<\/a><\/li>\n<li><a href=\"https:\/\/www.amelkis-solutions.com\/es\/noticias\/mindrix-inteligencia-artificial\/\">MindriX, la inteligencia artificial al servicio de su rendimiento !<\/a><\/li>\n<li><a href=\"https:\/\/www.amelkis-solutions.com\/es\/noticias\/lanzamiento-conso-strategy-lab\/\">Amelkis lanza su \u00abConso Strategy Lab\u00bb<\/a><\/li>\n<li><a href=\"https:\/\/www.amelkis-solutions.com\/es\/noticias\/2024-dia-de-los-socios\/\">2024 D\u00eda de los Socios<\/a><\/li>\n<li><a href=\"https:\/\/www.amelkis-solutions.com\/es\/noticias\/integracion-api-pennylane\/\">Integraci\u00f3n de la API Amelkis x Pennylane<\/a><\/li>\n<li><a href=\"https:\/\/www.amelkis-solutions.com\/es\/noticias\/aplicaciones-ultraseguras\/\">Amelkis : aplicaciones ultraseguras<\/a><\/li>\n<li><a href=\"https:\/\/www.amelkis-solutions.com\/es\/noticias\/entrevista-monde-du-chiffre\/\">Descubra la entrevista a Amelkis en Le Monde du Chiffre<\/a><\/li>\n<li><a href=\"https:\/\/www.amelkis-solutions.com\/es\/noticias\/cercle-des-experts-durabilite\/\">Sesi\u00f3n matinal con el Cercle des Experts de la Durabilit\u00e9<\/a><\/li>\n<li><a href=\"https:\/\/www.amelkis-solutions.com\/es\/noticias\/colaboracion-20-reunion-anual-apia\/\">Colaboraci\u00f3n 20\u00b0 reuni\u00f3n anual de la APIA<\/a><\/li>\n<li><a href=\"https:\/\/www.amelkis-solutions.com\/es\/noticias\/future-of-finance-2024\/\">Future of Finance 2024<\/a><\/li>\n<li><a href=\"https:\/\/www.amelkis-solutions.com\/es\/noticias\/carrera-la-parisienne-2024\/\">Carrera La Parisienne 2024<\/a><\/li>\n<li><a href=\"https:\/\/www.amelkis-solutions.com\/es\/noticias\/20-aniversario\/\">Amelkis celebra su 20 aniversario !<\/a><\/li>\n<li><a href=\"https:\/\/www.amelkis-solutions.com\/es\/noticias\/salon-produrable-2024\/\">Sal\u00f3n Produrable 2024<\/a><\/li>\n<li><a href=\"https:\/\/www.amelkis-solutions.com\/es\/noticias\/congreso-ordre-experts-comptables-2024\/\">Congreso de la Ordre des Experts-Comptables 2024<\/a><\/li>\n<li><a href=\"https:\/\/www.amelkis-solutions.com\/es\/noticias\/seminario-interno-2024\/\">Seminario interno 2024<\/a><\/li>\n<li><a href=\"https:\/\/www.amelkis-solutions.com\/es\/noticias\/evento-mazars-toulouse\/\">Evento Amelkis x Mazars (Toulouse)<\/a><\/li>\n<li><a href=\"https:\/\/www.amelkis-solutions.com\/es\/noticias\/parquest\/\">Parquest apoya a Amelkis en su pr\u00f3xima fase de crecimiento<\/a><\/li>\n<li><a href=\"https:\/\/www.amelkis-solutions.com\/es\/noticias\/evento-comptatech\/\">Evento Comptatech<\/a><\/li>\n<li><a href=\"https:\/\/www.amelkis-solutions.com\/es\/noticias\/certificacion-ciberseguridad\/\">Certificaci\u00f3n CyberVadis en ciberseguridad<\/a><\/li>\n<li><a href=\"https:\/\/www.amelkis-solutions.com\/es\/noticias\/elegido-n-1-software-consolidacion\/\">Amelkis ha sido elegido n\u00ba 1 en software de consolidaci\u00f3n !<\/a><\/li>\n<li><a href=\"https:\/\/www.amelkis-solutions.com\/es\/noticias\/evento-mazars-burdeos\/\">Evento Amelkis x Mazars (Burdeos)<\/a><\/li>\n<li><a href=\"https:\/\/www.amelkis-solutions.com\/es\/noticias\/future-of-conso-2024\/\">Future of Conso 2024<\/a><\/li>\n<li><a href=\"https:\/\/www.amelkis-solutions.com\/es\/noticias\/asistencia-cliente\/\">La asistencia al cliente est\u00e1 en el centro de nuestra misi\u00f3n.<\/a><\/li>\n<li><a href=\"https:\/\/www.amelkis-solutions.com\/es\/noticias\/evento-do-it\/\">Evento - Do It<\/a><\/li>\n<li><a href=\"https:\/\/www.amelkis-solutions.com\/es\/noticias\/futur-of-finance-la-vision-damelkis\/\">Future of Finance : la visi\u00f3n de Amelkis<\/a><\/li>\n<li><a href=\"https:\/\/www.amelkis-solutions.com\/es\/noticias\/amelkis-opera-devient-amelkis-epm\/\">\u00a1Amelkis Opera se convierte en Amelkis EPM!<\/a><\/li>\n<li><a href=\"https:\/\/www.amelkis-solutions.com\/es\/noticias\/amelkis-sera-present-a-levenement-future-of-consolidation\/\">Amelkis estar\u00e1 presente en el evento Future of Consolidation<\/a><\/li>\n<li><a href=\"https:\/\/www.amelkis-solutions.com\/es\/noticias\/retour-sur-notre-annee-2021\/\">Un repaso a nuestro a\u00f1o 2021 !<\/a><\/li>\n<li><a href=\"https:\/\/www.amelkis-solutions.com\/es\/noticias\/les-webinaires-amelkis-sont-de-retour\/\">\u00a1Vuelven los webinarios Amelkis!<\/a><\/li>\n<li><a href=\"https:\/\/www.amelkis-solutions.com\/es\/noticias\/lequipe-amelkis-vous-souhaite-ses-meilleurs-voeux\/\">\u00a1El equipo de Amelkis le desea lo mejor!<\/a><\/li>\n<li><a href=\"https:\/\/www.amelkis-solutions.com\/es\/noticias\/xbrl-amelkis-interviendra-lors-de-levenement-organise-par-labrador-les-20-et-26-mai-prochains\/\">XBRL : Amelkis intervendr\u00e1 en el acto organizado por Labrador los d\u00edas 20 y 26 de mayo.<\/a><\/li>\n<li><a href=\"https:\/\/www.amelkis-solutions.com\/es\/noticias\/xbrl-amelkis-sur-bfm-business-pour-parler-de-la-digitalisation-des-publications-financieres\/\">XBRL : Amelkis en BFM Business para hablar de la digitalizaci\u00f3n de las publicaciones financieras<\/a><\/li>\n<li><a href=\"https:\/\/www.amelkis-solutions.com\/es\/noticias\/xbrl-digital-event\/\">XBRL Digital Event<\/a><\/li>\n<li><a href=\"https:\/\/www.amelkis-solutions.com\/es\/noticias\/amelkis-lance-un-nouveau-site-dedie-a-la-solution-xbrl\/\">XBRL Digital Event<\/a><\/li>\n<li><a href=\"https:\/\/www.amelkis-solutions.com\/es\/noticias\/decouvrez-nos-dernieres-videos-de-formation-a-la-consolidation\/\">Usa Opera en cualquier parte del mundo<\/a><\/li>\n<\/ul>\n<\/div>\n","protected":false},"excerpt":{"rendered":"<p>P\u00e1ginas<\/p>\n<p>Amelkis ESG<br \/>\nAmelkis W365<br \/>\nAutomatizar su informe CSRD<br \/>\nElaborar mi primer informe CSRD<br \/>\nInicio<br \/>\nP\u00f3ngase en (&#8230;)<\/p>\n","protected":false},"author":9,"featured_media":62201,"parent":0,"menu_order":20,"comment_status":"closed","ping_status":"closed","template":"page-simple.php","meta":{"_acf_changed":false,"inline_featured_image":false,"footnotes":""},"class_list":["post-63569","page","type-page","status-publish","has-post-thumbnail","hentry"],"acf":[],"yoast_head":"<!-- This site is optimized with the Yoast SEO plugin v27.4 - https:\/\/yoast.com\/product\/yoast-seo-wordpress\/ -->\n<title>Mapa del sitio web - Amelkis Solutions<\/title>\n<meta name=\"robots\" content=\"index, follow, max-snippet:-1, max-image-preview:large, max-video-preview:-1\" \/>\n<link rel=\"canonical\" href=\"https:\/\/www.amelkis-solutions.com\/es\/mapa-sitio\/\" \/>\n<meta property=\"og:locale\" content=\"es_ES\" \/>\n<meta property=\"og:type\" content=\"article\" \/>\n<meta property=\"og:title\" content=\"Mapa del sitio web - Amelkis Solutions\" \/>\n<meta property=\"og:description\" content=\"P\u00e1ginas Amelkis ESG Amelkis W365 Automatizar su informe CSRD Elaborar mi primer informe CSRD Inicio P\u00f3ngase en (...)\" \/>\n<meta property=\"og:url\" content=\"https:\/\/www.amelkis-solutions.com\/es\/mapa-sitio\/\" \/>\n<meta property=\"og:site_name\" content=\"Amelkis Solutions\" \/>\n<meta property=\"article:modified_time\" content=\"2023-02-03T14:18:59+00:00\" \/>\n<meta property=\"og:image\" content=\"https:\/\/www.amelkis-solutions.com\/wp-content\/uploads\/2023\/01\/AdobeStock_15233295.jpg\" \/>\n\t<meta property=\"og:image:width\" content=\"2000\" \/>\n\t<meta property=\"og:image:height\" content=\"965\" \/>\n\t<meta property=\"og:image:type\" content=\"image\/jpeg\" \/>\n<meta name=\"twitter:card\" content=\"summary_large_image\" \/>\n<meta name=\"twitter:label1\" content=\"Tiempo de lectura\" \/>\n\t<meta name=\"twitter:data1\" content=\"1 minuto\" \/>\n<script type=\"application\/ld+json\" class=\"yoast-schema-graph\">{\"@context\":\"https:\\\/\\\/schema.org\",\"@graph\":[{\"@type\":\"WebPage\",\"@id\":\"https:\\\/\\\/www.amelkis-solutions.com\\\/es\\\/mapa-sitio\\\/\",\"url\":\"https:\\\/\\\/www.amelkis-solutions.com\\\/es\\\/mapa-sitio\\\/\",\"name\":\"Mapa del sitio web - Amelkis Solutions\",\"isPartOf\":{\"@id\":\"https:\\\/\\\/www.amelkis-solutions.com\\\/es\\\/#website\"},\"primaryImageOfPage\":{\"@id\":\"https:\\\/\\\/www.amelkis-solutions.com\\\/es\\\/mapa-sitio\\\/#primaryimage\"},\"image\":{\"@id\":\"https:\\\/\\\/www.amelkis-solutions.com\\\/es\\\/mapa-sitio\\\/#primaryimage\"},\"thumbnailUrl\":\"https:\\\/\\\/www.amelkis-solutions.com\\\/wp-content\\\/uploads\\\/2023\\\/01\\\/AdobeStock_15233295.jpg\",\"datePublished\":\"2021-04-29T16:50:06+00:00\",\"dateModified\":\"2023-02-03T14:18:59+00:00\",\"breadcrumb\":{\"@id\":\"https:\\\/\\\/www.amelkis-solutions.com\\\/es\\\/mapa-sitio\\\/#breadcrumb\"},\"inLanguage\":\"es\",\"potentialAction\":[{\"@type\":\"ReadAction\",\"target\":[\"https:\\\/\\\/www.amelkis-solutions.com\\\/es\\\/mapa-sitio\\\/\"]}]},{\"@type\":\"ImageObject\",\"inLanguage\":\"es\",\"@id\":\"https:\\\/\\\/www.amelkis-solutions.com\\\/es\\\/mapa-sitio\\\/#primaryimage\",\"url\":\"https:\\\/\\\/www.amelkis-solutions.com\\\/wp-content\\\/uploads\\\/2023\\\/01\\\/AdobeStock_15233295.jpg\",\"contentUrl\":\"https:\\\/\\\/www.amelkis-solutions.com\\\/wp-content\\\/uploads\\\/2023\\\/01\\\/AdobeStock_15233295.jpg\",\"width\":2000,\"height\":965},{\"@type\":\"BreadcrumbList\",\"@id\":\"https:\\\/\\\/www.amelkis-solutions.com\\\/es\\\/mapa-sitio\\\/#breadcrumb\",\"itemListElement\":[{\"@type\":\"ListItem\",\"position\":1,\"name\":\"Inicio\",\"item\":\"https:\\\/\\\/www.amelkis-solutions.com\\\/es\\\/\"},{\"@type\":\"ListItem\",\"position\":2,\"name\":\"Mapa del sitio web\"}]},{\"@type\":\"WebSite\",\"@id\":\"https:\\\/\\\/www.amelkis-solutions.com\\\/es\\\/#website\",\"url\":\"https:\\\/\\\/www.amelkis-solutions.com\\\/es\\\/\",\"name\":\"Amelkis Solutions\",\"description\":\"Logiciel de Consolidation &amp; Reporting\",\"publisher\":{\"@id\":\"https:\\\/\\\/www.amelkis-solutions.com\\\/es\\\/#organization\"},\"potentialAction\":[{\"@type\":\"SearchAction\",\"target\":{\"@type\":\"EntryPoint\",\"urlTemplate\":\"https:\\\/\\\/www.amelkis-solutions.com\\\/es\\\/?s={search_term_string}\"},\"query-input\":{\"@type\":\"PropertyValueSpecification\",\"valueRequired\":true,\"valueName\":\"search_term_string\"}}],\"inLanguage\":\"es\"},{\"@type\":\"Organization\",\"@id\":\"https:\\\/\\\/www.amelkis-solutions.com\\\/es\\\/#organization\",\"name\":\"Amelkis Solutions\",\"url\":\"https:\\\/\\\/www.amelkis-solutions.com\\\/es\\\/\",\"logo\":{\"@type\":\"ImageObject\",\"inLanguage\":\"es\",\"@id\":\"https:\\\/\\\/www.amelkis-solutions.com\\\/es\\\/#\\\/schema\\\/logo\\\/image\\\/\",\"url\":\"https:\\\/\\\/www.amelkis-solutions.com\\\/wp-content\\\/uploads\\\/2022\\\/06\\\/963-new-logo-amelkisopera.png\",\"contentUrl\":\"https:\\\/\\\/www.amelkis-solutions.com\\\/wp-content\\\/uploads\\\/2022\\\/06\\\/963-new-logo-amelkisopera.png\",\"width\":266,\"height\":43,\"caption\":\"Amelkis Solutions\"},\"image\":{\"@id\":\"https:\\\/\\\/www.amelkis-solutions.com\\\/es\\\/#\\\/schema\\\/logo\\\/image\\\/\"}}]}<\/script>\n<!-- \/ Yoast SEO plugin. -->","yoast_head_json":{"title":"Mapa del sitio web - Amelkis Solutions","robots":{"index":"index","follow":"follow","max-snippet":"max-snippet:-1","max-image-preview":"max-image-preview:large","max-video-preview":"max-video-preview:-1"},"canonical":"https:\/\/www.amelkis-solutions.com\/es\/mapa-sitio\/","og_locale":"es_ES","og_type":"article","og_title":"Mapa del sitio web - Amelkis Solutions","og_description":"P\u00e1ginas Amelkis ESG Amelkis W365 Automatizar su informe CSRD Elaborar mi primer informe CSRD Inicio P\u00f3ngase en (...)","og_url":"https:\/\/www.amelkis-solutions.com\/es\/mapa-sitio\/","og_site_name":"Amelkis Solutions","article_modified_time":"2023-02-03T14:18:59+00:00","og_image":[{"width":2000,"height":965,"url":"https:\/\/www.amelkis-solutions.com\/wp-content\/uploads\/2023\/01\/AdobeStock_15233295.jpg","type":"image\/jpeg"}],"twitter_card":"summary_large_image","twitter_misc":{"Tiempo de lectura":"1 minuto"},"schema":{"@context":"https:\/\/schema.org","@graph":[{"@type":"WebPage","@id":"https:\/\/www.amelkis-solutions.com\/es\/mapa-sitio\/","url":"https:\/\/www.amelkis-solutions.com\/es\/mapa-sitio\/","name":"Mapa del sitio web - Amelkis Solutions","isPartOf":{"@id":"https:\/\/www.amelkis-solutions.com\/es\/#website"},"primaryImageOfPage":{"@id":"https:\/\/www.amelkis-solutions.com\/es\/mapa-sitio\/#primaryimage"},"image":{"@id":"https:\/\/www.amelkis-solutions.com\/es\/mapa-sitio\/#primaryimage"},"thumbnailUrl":"https:\/\/www.amelkis-solutions.com\/wp-content\/uploads\/2023\/01\/AdobeStock_15233295.jpg","datePublished":"2021-04-29T16:50:06+00:00","dateModified":"2023-02-03T14:18:59+00:00","breadcrumb":{"@id":"https:\/\/www.amelkis-solutions.com\/es\/mapa-sitio\/#breadcrumb"},"inLanguage":"es","potentialAction":[{"@type":"ReadAction","target":["https:\/\/www.amelkis-solutions.com\/es\/mapa-sitio\/"]}]},{"@type":"ImageObject","inLanguage":"es","@id":"https:\/\/www.amelkis-solutions.com\/es\/mapa-sitio\/#primaryimage","url":"https:\/\/www.amelkis-solutions.com\/wp-content\/uploads\/2023\/01\/AdobeStock_15233295.jpg","contentUrl":"https:\/\/www.amelkis-solutions.com\/wp-content\/uploads\/2023\/01\/AdobeStock_15233295.jpg","width":2000,"height":965},{"@type":"BreadcrumbList","@id":"https:\/\/www.amelkis-solutions.com\/es\/mapa-sitio\/#breadcrumb","itemListElement":[{"@type":"ListItem","position":1,"name":"Inicio","item":"https:\/\/www.amelkis-solutions.com\/es\/"},{"@type":"ListItem","position":2,"name":"Mapa del sitio web"}]},{"@type":"WebSite","@id":"https:\/\/www.amelkis-solutions.com\/es\/#website","url":"https:\/\/www.amelkis-solutions.com\/es\/","name":"Amelkis Solutions","description":"Logiciel de Consolidation &amp; Reporting","publisher":{"@id":"https:\/\/www.amelkis-solutions.com\/es\/#organization"},"potentialAction":[{"@type":"SearchAction","target":{"@type":"EntryPoint","urlTemplate":"https:\/\/www.amelkis-solutions.com\/es\/?s={search_term_string}"},"query-input":{"@type":"PropertyValueSpecification","valueRequired":true,"valueName":"search_term_string"}}],"inLanguage":"es"},{"@type":"Organization","@id":"https:\/\/www.amelkis-solutions.com\/es\/#organization","name":"Amelkis Solutions","url":"https:\/\/www.amelkis-solutions.com\/es\/","logo":{"@type":"ImageObject","inLanguage":"es","@id":"https:\/\/www.amelkis-solutions.com\/es\/#\/schema\/logo\/image\/","url":"https:\/\/www.amelkis-solutions.com\/wp-content\/uploads\/2022\/06\/963-new-logo-amelkisopera.png","contentUrl":"https:\/\/www.amelkis-solutions.com\/wp-content\/uploads\/2022\/06\/963-new-logo-amelkisopera.png","width":266,"height":43,"caption":"Amelkis Solutions"},"image":{"@id":"https:\/\/www.amelkis-solutions.com\/es\/#\/schema\/logo\/image\/"}}]}},"_links":{"self":[{"href":"https:\/\/www.amelkis-solutions.com\/es\/wp-json\/wp\/v2\/pages\/63569","targetHints":{"allow":["GET"]}}],"collection":[{"href":"https:\/\/www.amelkis-solutions.com\/es\/wp-json\/wp\/v2\/pages"}],"about":[{"href":"https:\/\/www.amelkis-solutions.com\/es\/wp-json\/wp\/v2\/types\/page"}],"author":[{"embeddable":true,"href":"https:\/\/www.amelkis-solutions.com\/es\/wp-json\/wp\/v2\/users\/9"}],"replies":[{"embeddable":true,"href":"https:\/\/www.amelkis-solutions.com\/es\/wp-json\/wp\/v2\/comments?post=63569"}],"version-history":[{"count":0,"href":"https:\/\/www.amelkis-solutions.com\/es\/wp-json\/wp\/v2\/pages\/63569\/revisions"}],"wp:featuredmedia":[{"embeddable":true,"href":"https:\/\/www.amelkis-solutions.com\/es\/wp-json\/wp\/v2\/media\/62201"}],"wp:attachment":[{"href":"https:\/\/www.amelkis-solutions.com\/es\/wp-json\/wp\/v2\/media?parent=63569"}],"curies":[{"name":"wp","href":"https:\/\/api.w.org\/{rel}","templated":true}]}}